{"id":23,"date":"2017-10-25T17:41:39","date_gmt":"2017-10-25T17:41:39","guid":{"rendered":"http:\/\/energiaindustriacomercio.wordpress2.hdnweb.com\/?page_id=23"},"modified":"2021-08-25T19:09:26","modified_gmt":"2021-08-25T19:09:26","slug":"contactanos","status":"publish","type":"page","link":"https:\/\/energiaindustriacomercio.com\/en\/contactanos\/","title":{"rendered":"Cont\u00e1ctanos"},"content":{"rendered":"<h2><strong>OFICINAS ESTADOS UNIDOS<\/strong><\/h2>\n<p><strong>The BALLESTER BUSINESS &amp; MEDIA Group, Inc.<\/strong><br \/>\nCentral (305) 301-9751<br \/>\n<a class=\"PrimaryLink BaseLink\" href=\"mailto:fdelorbe@theballestergroup.biz\" target=\"_blank\" rel=\"noreferrer noopener\">fdelorbe@theballestergroup.biz<\/a><br \/>\nSouth &amp; Southwest Florida<br \/>\nMIAMI, FL 33139<\/p>\n<p><a class=\"PrimaryLink BaseLink\" href=\"mailto:mundonegocios12@gmail.com\" target=\"_blank\" rel=\"noreferrer noopener\">mundonegocios12@gmail.com<\/a><br \/>\nCentral &amp; North Florida<br \/>\nORLANDO, FL 32822<\/p>\n<p><strong>The BALLESTER BUSINESS Group:<\/strong><br \/>\n(786) 569-8471<br \/>\nWashington, D.C., &#8211; \u00a0East Coast &#8211; NEW YORK, N.Y. 10001<\/p>\n<h2><strong>REPRESENTANTES:<\/strong><\/h2>\n<p><strong>PARMIM INVERSIONES, S.R.L.<\/strong><br \/>\n(829) 849-4417<br \/>\nSANTO DOMINGO, D.N.,<br \/>\nRep\u00fablica Dominicana<\/p>\n<p><strong>PANAMA:<\/strong><br \/>\nLAPSA &#8211; Lic. Luis Pimentel Espino<br \/>\n(507) 223-9177 | (507) 223-7924<br \/>\nCiudad Panam\u00e1<\/p>\n<p><strong>ESPA\u00d1A:<\/strong><br \/>\nGabinete Iberoamericano<br \/>\n(+34) 659-239803<br \/>\nBarcelona, Espa\u00f1a<\/p>\n<p>Lic. Leonardo F\u00e9lix<br \/>\n(+34) 934-124696<br \/>\nCiudad Real, Madrid <\/p>\n","protected":false},"excerpt":{"rendered":"<p>OFICINAS ESTADOS UNIDOS The BALLESTER BUSINESS &amp; MEDIA Group, Inc. Central (305) 301-9751 fdelorbe@theballestergroup.biz South &amp; Southwest Florida MIAMI, FL 33139 mundonegocios12@gmail.com Central &amp; North Florida ORLANDO, FL 32822 The BALLESTER BUSINESS Group: (786) 569-8471 Washington, D.C., &#8211; \u00a0East Coast &#8211; NEW YORK, N.Y. 10001 REPRESENTANTES: PARMIM INVERSIONES, S.R.L. (829) 849-4417 SANTO DOMINGO, D.N., Rep\u00fablica [&hellip;]<\/p>\n","protected":false},"author":1,"featured_media":0,"parent":0,"menu_order":0,"comment_status":"closed","ping_status":"closed","template":"","meta":{"_acf_changed":false,"_monsterinsights_skip_tracking":false,"_monsterinsights_sitenote_active":false,"_monsterinsights_sitenote_note":"","_monsterinsights_sitenote_category":0,"footnotes":""},"class_list":["post-23","page","type-page","status-publish","hentry"],"acf":[],"yoast_head":"<!-- This site is optimized with the Yoast SEO plugin v27.5 - https:\/\/yoast.com\/product\/yoast-seo-wordpress\/ -->\n<title>Cont\u00e1ctanos - Energ\u00eda, Industria, Comercio y Miner\u00eda<\/title>\n<meta name=\"robots\" content=\"index, follow, max-snippet:-1, max-image-preview:large, max-video-preview:-1\" \/>\n<link rel=\"canonical\" href=\"https:\/\/energiaindustriacomercio.com\/en\/contactanos\/\" \/>\n<meta property=\"og:locale\" content=\"en_US\" \/>\n<meta property=\"og:type\" content=\"article\" \/>\n<meta property=\"og:title\" content=\"Cont\u00e1ctanos - Energ\u00eda, Industria, Comercio y Miner\u00eda\" \/>\n<meta property=\"og:description\" content=\"OFICINAS ESTADOS UNIDOS The BALLESTER BUSINESS &amp; MEDIA Group, Inc. Central (305) 301-9751 fdelorbe@theballestergroup.biz South &amp; Southwest Florida MIAMI, FL 33139 mundonegocios12@gmail.com Central &amp; North Florida ORLANDO, FL 32822 The BALLESTER BUSINESS Group: (786) 569-8471 Washington, D.C., &#8211; \u00a0East Coast &#8211; NEW YORK, N.Y. 10001 REPRESENTANTES: PARMIM INVERSIONES, S.R.L. (829) 849-4417 SANTO DOMINGO, D.N., Rep\u00fablica [&hellip;]\" \/>\n<meta property=\"og:url\" content=\"https:\/\/energiaindustriacomercio.com\/en\/contactanos\/\" \/>\n<meta property=\"og:site_name\" content=\"Energ\u00eda, Industria, Comercio y Miner\u00eda\" \/>\n<meta property=\"article:modified_time\" content=\"2021-08-25T19:09:26+00:00\" \/>\n<meta name=\"twitter:card\" content=\"summary_large_image\" \/>\n<script type=\"application\/ld+json\" class=\"yoast-schema-graph\">{\"@context\":\"https:\\\/\\\/schema.org\",\"@graph\":[{\"@type\":\"WebPage\",\"@id\":\"https:\\\/\\\/energiaindustriacomercio.com\\\/en\\\/contactanos\\\/\",\"url\":\"https:\\\/\\\/energiaindustriacomercio.com\\\/en\\\/contactanos\\\/\",\"name\":\"Cont\u00e1ctanos - Energ\u00eda, Industria, Comercio y Miner\u00eda\",\"isPartOf\":{\"@id\":\"https:\\\/\\\/energiaindustriacomercio.com\\\/en\\\/#website\"},\"datePublished\":\"2017-10-25T17:41:39+00:00\",\"dateModified\":\"2021-08-25T19:09:26+00:00\",\"breadcrumb\":{\"@id\":\"https:\\\/\\\/energiaindustriacomercio.com\\\/en\\\/contactanos\\\/#breadcrumb\"},\"inLanguage\":\"en-US\",\"potentialAction\":[{\"@type\":\"ReadAction\",\"target\":[[\"https:\\\/\\\/energiaindustriacomercio.com\\\/en\\\/contactanos\\\/\"]]}]},{\"@type\":\"BreadcrumbList\",\"@id\":\"https:\\\/\\\/energiaindustriacomercio.com\\\/en\\\/contactanos\\\/#breadcrumb\",\"itemListElement\":[{\"@type\":\"ListItem\",\"position\":1,\"name\":\"Portada\",\"item\":\"https:\\\/\\\/energiaindustriacomercio.com\\\/en\\\/\"},{\"@type\":\"ListItem\",\"position\":2,\"name\":\"Cont\u00e1ctanos\"}]},{\"@type\":\"WebSite\",\"@id\":\"https:\\\/\\\/energiaindustriacomercio.com\\\/en\\\/#website\",\"url\":\"https:\\\/\\\/energiaindustriacomercio.com\\\/en\\\/\",\"name\":\"Energ\u00eda, Industria, Comercio y Miner\u00eda\",\"description\":\"Con la mejor y actualizada Informaci\u00f3n, directo medio especializado en los sectores Energ\u00e9tico, Industriales, Comercio y Miner\u00eda.\",\"potentialAction\":[{\"@type\":\"SearchAction\",\"target\":{\"@type\":\"EntryPoint\",\"urlTemplate\":\"https:\\\/\\\/energiaindustriacomercio.com\\\/en\\\/?s={search_term_string}\"},\"query-input\":{\"@type\":\"PropertyValueSpecification\",\"valueRequired\":true,\"valueName\":\"search_term_string\"}}],\"inLanguage\":\"en-US\"}]}<\/script>\n<!-- \/ Yoast SEO plugin. -->","yoast_head_json":{"title":"Cont\u00e1ctanos - Energ\u00eda, Industria, Comercio y Miner\u00eda","robots":{"index":"index","follow":"follow","max-snippet":"max-snippet:-1","max-image-preview":"max-image-preview:large","max-video-preview":"max-video-preview:-1"},"canonical":"https:\/\/energiaindustriacomercio.com\/en\/contactanos\/","og_locale":"en_US","og_type":"article","og_title":"Cont\u00e1ctanos - Energ\u00eda, Industria, Comercio y Miner\u00eda","og_description":"OFICINAS ESTADOS UNIDOS The BALLESTER BUSINESS &amp; MEDIA Group, Inc. Central (305) 301-9751 fdelorbe@theballestergroup.biz South &amp; Southwest Florida MIAMI, FL 33139 mundonegocios12@gmail.com Central &amp; North Florida ORLANDO, FL 32822 The BALLESTER BUSINESS Group: (786) 569-8471 Washington, D.C., &#8211; \u00a0East Coast &#8211; NEW YORK, N.Y. 10001 REPRESENTANTES: PARMIM INVERSIONES, S.R.L. (829) 849-4417 SANTO DOMINGO, D.N., Rep\u00fablica [&hellip;]","og_url":"https:\/\/energiaindustriacomercio.com\/en\/contactanos\/","og_site_name":"Energ\u00eda, Industria, Comercio y Miner\u00eda","article_modified_time":"2021-08-25T19:09:26+00:00","twitter_card":"summary_large_image","schema":{"@context":"https:\/\/schema.org","@graph":[{"@type":"WebPage","@id":"https:\/\/energiaindustriacomercio.com\/en\/contactanos\/","url":"https:\/\/energiaindustriacomercio.com\/en\/contactanos\/","name":"Cont\u00e1ctanos - Energ\u00eda, Industria, Comercio y Miner\u00eda","isPartOf":{"@id":"https:\/\/energiaindustriacomercio.com\/en\/#website"},"datePublished":"2017-10-25T17:41:39+00:00","dateModified":"2021-08-25T19:09:26+00:00","breadcrumb":{"@id":"https:\/\/energiaindustriacomercio.com\/en\/contactanos\/#breadcrumb"},"inLanguage":"en-US","potentialAction":[{"@type":"ReadAction","target":[["https:\/\/energiaindustriacomercio.com\/en\/contactanos\/"]]}]},{"@type":"BreadcrumbList","@id":"https:\/\/energiaindustriacomercio.com\/en\/contactanos\/#breadcrumb","itemListElement":[{"@type":"ListItem","position":1,"name":"Portada","item":"https:\/\/energiaindustriacomercio.com\/en\/"},{"@type":"ListItem","position":2,"name":"Cont\u00e1ctanos"}]},{"@type":"WebSite","@id":"https:\/\/energiaindustriacomercio.com\/en\/#website","url":"https:\/\/energiaindustriacomercio.com\/en\/","name":"Energ\u00eda, Industria, Comercio y Miner\u00eda","description":"Con la mejor y actualizada Informaci\u00f3n, directo medio especializado en los sectores Energ\u00e9tico, Industriales, Comercio y Miner\u00eda.","potentialAction":[{"@type":"SearchAction","target":{"@type":"EntryPoint","urlTemplate":"https:\/\/energiaindustriacomercio.com\/en\/?s={search_term_string}"},"query-input":{"@type":"PropertyValueSpecification","valueRequired":true,"valueName":"search_term_string"}}],"inLanguage":"en-US"}]}},"_links":{"self":[{"href":"https:\/\/energiaindustriacomercio.com\/en\/wp-json\/wp\/v2\/pages\/23","targetHints":{"allow":["GET"]}}],"collection":[{"href":"https:\/\/energiaindustriacomercio.com\/en\/wp-json\/wp\/v2\/pages"}],"about":[{"href":"https:\/\/energiaindustriacomercio.com\/en\/wp-json\/wp\/v2\/types\/page"}],"author":[{"embeddable":true,"href":"https:\/\/energiaindustriacomercio.com\/en\/wp-json\/wp\/v2\/users\/1"}],"replies":[{"embeddable":true,"href":"https:\/\/energiaindustriacomercio.com\/en\/wp-json\/wp\/v2\/comments?post=23"}],"version-history":[{"count":5,"href":"https:\/\/energiaindustriacomercio.com\/en\/wp-json\/wp\/v2\/pages\/23\/revisions"}],"predecessor-version":[{"id":3213,"href":"https:\/\/energiaindustriacomercio.com\/en\/wp-json\/wp\/v2\/pages\/23\/revisions\/3213"}],"wp:attachment":[{"href":"https:\/\/energiaindustriacomercio.com\/en\/wp-json\/wp\/v2\/media?parent=23"}],"curies":[{"name":"wp","href":"https:\/\/api.w.org\/{rel}","templated":true}]}}