{"id":21,"date":"2017-10-25T17:41:21","date_gmt":"2017-10-25T17:41:21","guid":{"rendered":"http:\/\/energiaindustriacomercio.wordpress2.hdnweb.com\/?page_id=21"},"modified":"2021-01-11T18:59:21","modified_gmt":"2021-01-11T18:59:21","slug":"suscripcion","status":"publish","type":"page","link":"https:\/\/energiaindustriacomercio.com\/en\/suscripcion\/","title":{"rendered":"Suscripci\u00f3n"},"content":{"rendered":"<p class=\"qtranxs-available-languages-message qtranxs-available-languages-message-en\">Sorry, this entry is only available in <a href=\"https:\/\/energiaindustriacomercio.com\/es\/wp-json\/wp\/v2\/pages\/21\" class=\"qtranxs-available-language-link qtranxs-available-language-link-es\" title=\"Espa\u00f1ol\">Espa\u00f1ol<\/a>.<\/p>","protected":false},"excerpt":{"rendered":"<p>Sorry, this entry is only available in Espa\u00f1ol.<\/p>\n","protected":false},"author":1,"featured_media":0,"parent":0,"menu_order":0,"comment_status":"closed","ping_status":"closed","template":"","meta":{"_acf_changed":false,"_monsterinsights_skip_tracking":false,"_monsterinsights_sitenote_active":false,"_monsterinsights_sitenote_note":"","_monsterinsights_sitenote_category":0,"footnotes":""},"class_list":["post-21","page","type-page","status-publish","hentry"],"acf":[],"yoast_head":"<!-- This site is optimized with the Yoast SEO plugin v27.3 - https:\/\/yoast.com\/product\/yoast-seo-wordpress\/ -->\n<title>Suscripci\u00f3n - Energ\u00eda, Industria, Comercio y Miner\u00eda<\/title>\n<meta name=\"robots\" content=\"index, follow, max-snippet:-1, max-image-preview:large, max-video-preview:-1\" \/>\n<link rel=\"canonical\" href=\"https:\/\/energiaindustriacomercio.com\/suscripcion\/\" \/>\n<meta property=\"og:locale\" content=\"en_US\" \/>\n<meta property=\"og:type\" content=\"article\" \/>\n<meta property=\"og:title\" content=\"Suscripci\u00f3n - Energ\u00eda, Industria, Comercio y Miner\u00eda\" \/>\n<meta property=\"og:description\" content=\"Sorry, this entry is only available in Espa\u00f1ol.\" \/>\n<meta property=\"og:url\" content=\"https:\/\/energiaindustriacomercio.com\/suscripcion\/\" \/>\n<meta property=\"og:site_name\" content=\"Energ\u00eda, Industria, Comercio y Miner\u00eda\" \/>\n<meta property=\"article:modified_time\" content=\"2021-01-11T18:59:21+00:00\" \/>\n<meta property=\"og:image\" content=\"https:\/\/energiaindustriacomercio.com\/wp-content\/uploads\/sites\/78\/2021\/01\/energia.jpg\" \/>\n\t<meta property=\"og:image:width\" content=\"1024\" \/>\n\t<meta property=\"og:image:height\" content=\"318\" \/>\n\t<meta property=\"og:image:type\" content=\"image\/jpeg\" \/>\n<meta name=\"twitter:card\" content=\"summary_large_image\" \/>\n<script type=\"application\/ld+json\" class=\"yoast-schema-graph\">{\"@context\":\"https:\\\/\\\/schema.org\",\"@graph\":[{\"@type\":\"WebPage\",\"@id\":\"https:\\\/\\\/energiaindustriacomercio.com\\\/suscripcion\\\/\",\"url\":\"https:\\\/\\\/energiaindustriacomercio.com\\\/suscripcion\\\/\",\"name\":\"Suscripci\u00f3n - Energ\u00eda, Industria, Comercio y Miner\u00eda\",\"isPartOf\":{\"@id\":\"https:\\\/\\\/energiaindustriacomercio.com\\\/#website\"},\"primaryImageOfPage\":{\"@id\":\"https:\\\/\\\/energiaindustriacomercio.com\\\/suscripcion\\\/#primaryimage\"},\"image\":{\"@id\":\"https:\\\/\\\/energiaindustriacomercio.com\\\/suscripcion\\\/#primaryimage\"},\"thumbnailUrl\":\"http:\\\/\\\/energiaindustriacomercio.hdnweb.com\\\/wp-content\\\/uploads\\\/sites\\\/78\\\/2021\\\/01\\\/energia.jpg\",\"datePublished\":\"2017-10-25T17:41:21+00:00\",\"dateModified\":\"2021-01-11T18:59:21+00:00\",\"breadcrumb\":{\"@id\":\"https:\\\/\\\/energiaindustriacomercio.com\\\/suscripcion\\\/#breadcrumb\"},\"inLanguage\":\"en-US\",\"potentialAction\":[{\"@type\":\"ReadAction\",\"target\":[\"https:\\\/\\\/energiaindustriacomercio.com\\\/suscripcion\\\/\"]}]},{\"@type\":\"ImageObject\",\"inLanguage\":\"en-US\",\"@id\":\"https:\\\/\\\/energiaindustriacomercio.com\\\/suscripcion\\\/#primaryimage\",\"url\":\"http:\\\/\\\/energiaindustriacomercio.hdnweb.com\\\/wp-content\\\/uploads\\\/sites\\\/78\\\/2021\\\/01\\\/energia.jpg\",\"contentUrl\":\"http:\\\/\\\/energiaindustriacomercio.hdnweb.com\\\/wp-content\\\/uploads\\\/sites\\\/78\\\/2021\\\/01\\\/energia.jpg\"},{\"@type\":\"BreadcrumbList\",\"@id\":\"https:\\\/\\\/energiaindustriacomercio.com\\\/suscripcion\\\/#breadcrumb\",\"itemListElement\":[{\"@type\":\"ListItem\",\"position\":1,\"name\":\"Portada\",\"item\":\"https:\\\/\\\/energiaindustriacomercio.com\\\/\"},{\"@type\":\"ListItem\",\"position\":2,\"name\":\"Suscripci\u00f3n\"}]},{\"@type\":\"WebSite\",\"@id\":\"https:\\\/\\\/energiaindustriacomercio.com\\\/#website\",\"url\":\"https:\\\/\\\/energiaindustriacomercio.com\\\/\",\"name\":\"Energ\u00eda, Industria, Comercio y Miner\u00eda\",\"description\":\"Con la mejor y actualizada Informaci\u00f3n, directo medio especializado en los sectores Energ\u00e9tico, Industriales, Comercio y Miner\u00eda.\",\"potentialAction\":[{\"@type\":\"SearchAction\",\"target\":{\"@type\":\"EntryPoint\",\"urlTemplate\":\"https:\\\/\\\/energiaindustriacomercio.com\\\/?s={search_term_string}\"},\"query-input\":{\"@type\":\"PropertyValueSpecification\",\"valueRequired\":true,\"valueName\":\"search_term_string\"}}],\"inLanguage\":\"en-US\"}]}<\/script>\n<!-- \/ Yoast SEO plugin. -->","yoast_head_json":{"title":"Suscripci\u00f3n - Energ\u00eda, Industria, Comercio y Miner\u00eda","robots":{"index":"index","follow":"follow","max-snippet":"max-snippet:-1","max-image-preview":"max-image-preview:large","max-video-preview":"max-video-preview:-1"},"canonical":"https:\/\/energiaindustriacomercio.com\/suscripcion\/","og_locale":"en_US","og_type":"article","og_title":"Suscripci\u00f3n - Energ\u00eda, Industria, Comercio y Miner\u00eda","og_description":"Sorry, this entry is only available in Espa\u00f1ol.","og_url":"https:\/\/energiaindustriacomercio.com\/suscripcion\/","og_site_name":"Energ\u00eda, Industria, Comercio y Miner\u00eda","article_modified_time":"2021-01-11T18:59:21+00:00","og_image":[{"width":1024,"height":318,"url":"https:\/\/energiaindustriacomercio.com\/wp-content\/uploads\/sites\/78\/2021\/01\/energia.jpg","type":"image\/jpeg"}],"twitter_card":"summary_large_image","schema":{"@context":"https:\/\/schema.org","@graph":[{"@type":"WebPage","@id":"https:\/\/energiaindustriacomercio.com\/suscripcion\/","url":"https:\/\/energiaindustriacomercio.com\/suscripcion\/","name":"Suscripci\u00f3n - Energ\u00eda, Industria, Comercio y Miner\u00eda","isPartOf":{"@id":"https:\/\/energiaindustriacomercio.com\/#website"},"primaryImageOfPage":{"@id":"https:\/\/energiaindustriacomercio.com\/suscripcion\/#primaryimage"},"image":{"@id":"https:\/\/energiaindustriacomercio.com\/suscripcion\/#primaryimage"},"thumbnailUrl":"http:\/\/energiaindustriacomercio.hdnweb.com\/wp-content\/uploads\/sites\/78\/2021\/01\/energia.jpg","datePublished":"2017-10-25T17:41:21+00:00","dateModified":"2021-01-11T18:59:21+00:00","breadcrumb":{"@id":"https:\/\/energiaindustriacomercio.com\/suscripcion\/#breadcrumb"},"inLanguage":"en-US","potentialAction":[{"@type":"ReadAction","target":["https:\/\/energiaindustriacomercio.com\/suscripcion\/"]}]},{"@type":"ImageObject","inLanguage":"en-US","@id":"https:\/\/energiaindustriacomercio.com\/suscripcion\/#primaryimage","url":"http:\/\/energiaindustriacomercio.hdnweb.com\/wp-content\/uploads\/sites\/78\/2021\/01\/energia.jpg","contentUrl":"http:\/\/energiaindustriacomercio.hdnweb.com\/wp-content\/uploads\/sites\/78\/2021\/01\/energia.jpg"},{"@type":"BreadcrumbList","@id":"https:\/\/energiaindustriacomercio.com\/suscripcion\/#breadcrumb","itemListElement":[{"@type":"ListItem","position":1,"name":"Portada","item":"https:\/\/energiaindustriacomercio.com\/"},{"@type":"ListItem","position":2,"name":"Suscripci\u00f3n"}]},{"@type":"WebSite","@id":"https:\/\/energiaindustriacomercio.com\/#website","url":"https:\/\/energiaindustriacomercio.com\/","name":"Energ\u00eda, Industria, Comercio y Miner\u00eda","description":"Con la mejor y actualizada Informaci\u00f3n, directo medio especializado en los sectores Energ\u00e9tico, Industriales, Comercio y Miner\u00eda.","potentialAction":[{"@type":"SearchAction","target":{"@type":"EntryPoint","urlTemplate":"https:\/\/energiaindustriacomercio.com\/?s={search_term_string}"},"query-input":{"@type":"PropertyValueSpecification","valueRequired":true,"valueName":"search_term_string"}}],"inLanguage":"en-US"}]}},"_links":{"self":[{"href":"https:\/\/energiaindustriacomercio.com\/en\/wp-json\/wp\/v2\/pages\/21","targetHints":{"allow":["GET"]}}],"collection":[{"href":"https:\/\/energiaindustriacomercio.com\/en\/wp-json\/wp\/v2\/pages"}],"about":[{"href":"https:\/\/energiaindustriacomercio.com\/en\/wp-json\/wp\/v2\/types\/page"}],"author":[{"embeddable":true,"href":"https:\/\/energiaindustriacomercio.com\/en\/wp-json\/wp\/v2\/users\/1"}],"replies":[{"embeddable":true,"href":"https:\/\/energiaindustriacomercio.com\/en\/wp-json\/wp\/v2\/comments?post=21"}],"version-history":[{"count":5,"href":"https:\/\/energiaindustriacomercio.com\/en\/wp-json\/wp\/v2\/pages\/21\/revisions"}],"predecessor-version":[{"id":1166,"href":"https:\/\/energiaindustriacomercio.com\/en\/wp-json\/wp\/v2\/pages\/21\/revisions\/1166"}],"wp:attachment":[{"href":"https:\/\/energiaindustriacomercio.com\/en\/wp-json\/wp\/v2\/media?parent=21"}],"curies":[{"name":"wp","href":"https:\/\/api.w.org\/{rel}","templated":true}]}}