{"id":19,"date":"2017-10-25T17:41:00","date_gmt":"2017-10-25T17:41:00","guid":{"rendered":"http:\/\/energiaindustriacomercio.wordpress2.hdnweb.com\/?page_id=19"},"modified":"2021-02-23T16:32:51","modified_gmt":"2021-02-23T16:32:51","slug":"anunciese","status":"publish","type":"page","link":"https:\/\/energiaindustriacomercio.com\/en\/anunciese\/","title":{"rendered":"Anunciese"},"content":{"rendered":"<p><img loading=\"lazy\" decoding=\"async\" class=\"alignnone wp-image-1134 size-full\" src=\"http:\/\/energiaindustriacomercio.hdnweb.com\/wp-content\/uploads\/sites\/78\/2021\/01\/energia.jpg\" alt=\"\" width=\"1024\" height=\"318\" srcset=\"https:\/\/energiaindustriacomercio.com\/wp-content\/uploads\/sites\/78\/2021\/01\/energia.jpg 1024w, https:\/\/energiaindustriacomercio.com\/wp-content\/uploads\/sites\/78\/2021\/01\/energia-300x93.jpg 300w, https:\/\/energiaindustriacomercio.com\/wp-content\/uploads\/sites\/78\/2021\/01\/energia-768x239.jpg 768w\" sizes=\"auto, (max-width: 1024px) 100vw, 1024px\" \/><\/p>\n<p><strong>\u00bfLe gustar\u00eda anunciarse con nosotros?<\/strong><\/p>\n<p>Puede dar a conocer su marca, servicios o producto a una audiencia de interesadas en temas relacionados a los sectores de la Energ\u00eda, la Industria, el Comercio y la Miner\u00eda, entre ejecutivos, empresarios, industriales, comerciantes e inversionistas, funcionarios y profesionales.<\/p>\n<p><strong>\u201cENERG\u00cdA, INDUSTRIA, COMERCIO &amp; MINER\u00cdA Multimedios\u201d<\/strong> comprende principalmente, Revista Digital, Portal Informativo, Bolet\u00edn Informativo y amplias Redes Sociales, abarcando principalmente la Rep\u00fablica Dominicana, Estados Unidos y toda Latinoam\u00e9rica.<\/p>\n<p>Por ende, su presencia publicitaria v\u00eda BANNERS o REPORTAJES, ser\u00e1 de adecuado Retorno sobre su Inversi\u00f3n, dada la calidad de nuestros lectores principales y en general.<\/p>\n<p>A estos fines, convenientes OPCIONES para la colocaci\u00f3n de su PUBLICIDAD en nuestro medio, con ventajas muy favorables para ustedes, por lo cual les invitamos comunicarse a la brevedad con nosotros, seguros quedaran muy satisfechos.<\/p>\n<p>Para sus colocaciones de PUBLICIDAD y\/o REPORTAJES, favor contactarnos a: Multimedios <strong>\u201cENERG\u00cdA, INDUSTRIA, COMERCIO &amp; MINER\u00cdA\u201d<\/strong><\/p>\n<p><a href=\"mailto:info@theballestergroup.biz\">info@theballestergroup.biz<\/a> y <a href=\"mailto:info@elmundodelosnegocios.com.do\">info@elmundodelosnegocios.com.do<\/a> <\/p>\n","protected":false},"excerpt":{"rendered":"<p>\u00bfLe gustar\u00eda anunciarse con nosotros? Puede dar a conocer su marca, servicios o producto a una audiencia de interesadas en temas relacionados a los sectores de la Energ\u00eda, la Industria, el Comercio y la Miner\u00eda, entre ejecutivos, empresarios, industriales, comerciantes e inversionistas, funcionarios y profesionales. \u201cENERG\u00cdA, INDUSTRIA, COMERCIO &amp; MINER\u00cdA Multimedios\u201d comprende principalmente, Revista Digital, [&hellip;]<\/p>\n","protected":false},"author":1,"featured_media":0,"parent":0,"menu_order":0,"comment_status":"closed","ping_status":"closed","template":"","meta":{"_acf_changed":false,"_monsterinsights_skip_tracking":false,"_monsterinsights_sitenote_active":false,"_monsterinsights_sitenote_note":"","_monsterinsights_sitenote_category":0,"footnotes":""},"class_list":["post-19","page","type-page","status-publish","hentry"],"acf":[],"yoast_head":"<!-- This site is optimized with the Yoast SEO plugin v27.5 - https:\/\/yoast.com\/product\/yoast-seo-wordpress\/ -->\n<title>Anunciese - Energ\u00eda, Industria, Comercio y Miner\u00eda<\/title>\n<meta name=\"robots\" content=\"index, follow, max-snippet:-1, max-image-preview:large, max-video-preview:-1\" \/>\n<link rel=\"canonical\" href=\"https:\/\/energiaindustriacomercio.com\/en\/anunciese\/\" \/>\n<meta property=\"og:locale\" content=\"en_US\" \/>\n<meta property=\"og:type\" content=\"article\" \/>\n<meta property=\"og:title\" content=\"Anunciese - Energ\u00eda, Industria, Comercio y Miner\u00eda\" \/>\n<meta property=\"og:description\" content=\"\u00bfLe gustar\u00eda anunciarse con nosotros? Puede dar a conocer su marca, servicios o producto a una audiencia de interesadas en temas relacionados a los sectores de la Energ\u00eda, la Industria, el Comercio y la Miner\u00eda, entre ejecutivos, empresarios, industriales, comerciantes e inversionistas, funcionarios y profesionales. \u201cENERG\u00cdA, INDUSTRIA, COMERCIO &amp; MINER\u00cdA Multimedios\u201d comprende principalmente, Revista Digital, [&hellip;]\" \/>\n<meta property=\"og:url\" content=\"https:\/\/energiaindustriacomercio.com\/en\/anunciese\/\" \/>\n<meta property=\"og:site_name\" content=\"Energ\u00eda, Industria, Comercio y Miner\u00eda\" \/>\n<meta property=\"article:modified_time\" content=\"2021-02-23T16:32:51+00:00\" \/>\n<meta property=\"og:image\" content=\"https:\/\/energiaindustriacomercio.com\/wp-content\/uploads\/sites\/78\/2021\/01\/energia.jpg\" \/>\n\t<meta property=\"og:image:width\" content=\"1024\" \/>\n\t<meta property=\"og:image:height\" content=\"318\" \/>\n\t<meta property=\"og:image:type\" content=\"image\/jpeg\" \/>\n<meta name=\"twitter:card\" content=\"summary_large_image\" \/>\n<meta name=\"twitter:label1\" content=\"Est. reading time\" \/>\n\t<meta name=\"twitter:data1\" content=\"1 minute\" \/>\n<script type=\"application\/ld+json\" class=\"yoast-schema-graph\">{\"@context\":\"https:\\\/\\\/schema.org\",\"@graph\":[{\"@type\":\"WebPage\",\"@id\":\"https:\\\/\\\/energiaindustriacomercio.com\\\/en\\\/anunciese\\\/\",\"url\":\"https:\\\/\\\/energiaindustriacomercio.com\\\/en\\\/anunciese\\\/\",\"name\":\"Anunciese - Energ\u00eda, Industria, Comercio y Miner\u00eda\",\"isPartOf\":{\"@id\":\"https:\\\/\\\/energiaindustriacomercio.com\\\/en\\\/#website\"},\"primaryImageOfPage\":{\"@id\":\"https:\\\/\\\/energiaindustriacomercio.com\\\/en\\\/anunciese\\\/#primaryimage\"},\"image\":{\"@id\":\"https:\\\/\\\/energiaindustriacomercio.com\\\/anunciese\\\/#primaryimage\"},\"thumbnailUrl\":\"http:\\\/\\\/energiaindustriacomercio.hdnweb.com\\\/wp-content\\\/uploads\\\/sites\\\/78\\\/2021\\\/01\\\/energia.jpg\",\"datePublished\":\"2017-10-25T17:41:00+00:00\",\"dateModified\":\"2021-02-23T16:32:51+00:00\",\"breadcrumb\":{\"@id\":\"https:\\\/\\\/energiaindustriacomercio.com\\\/en\\\/anunciese\\\/#breadcrumb\"},\"inLanguage\":\"en-US\",\"potentialAction\":[{\"@type\":\"ReadAction\",\"target\":[[\"https:\\\/\\\/energiaindustriacomercio.com\\\/en\\\/anunciese\\\/\"]]}]},{\"@type\":\"ImageObject\",\"inLanguage\":\"en-US\",\"@id\":\"https:\\\/\\\/energiaindustriacomercio.com\\\/en\\\/anunciese\\\/#primaryimage\",\"url\":\"http:\\\/\\\/energiaindustriacomercio.hdnweb.com\\\/wp-content\\\/uploads\\\/sites\\\/78\\\/2021\\\/01\\\/energia.jpg\",\"contentUrl\":\"http:\\\/\\\/energiaindustriacomercio.hdnweb.com\\\/wp-content\\\/uploads\\\/sites\\\/78\\\/2021\\\/01\\\/energia.jpg\"},{\"@type\":\"BreadcrumbList\",\"@id\":\"https:\\\/\\\/energiaindustriacomercio.com\\\/en\\\/anunciese\\\/#breadcrumb\",\"itemListElement\":[{\"@type\":\"ListItem\",\"position\":1,\"name\":\"Portada\",\"item\":\"https:\\\/\\\/energiaindustriacomercio.com\\\/en\\\/\"},{\"@type\":\"ListItem\",\"position\":2,\"name\":\"Anunciese\"}]},{\"@type\":\"WebSite\",\"@id\":\"https:\\\/\\\/energiaindustriacomercio.com\\\/en\\\/#website\",\"url\":\"https:\\\/\\\/energiaindustriacomercio.com\\\/en\\\/\",\"name\":\"Energ\u00eda, Industria, Comercio y Miner\u00eda\",\"description\":\"Con la mejor y actualizada Informaci\u00f3n, directo medio especializado en los sectores Energ\u00e9tico, Industriales, Comercio y Miner\u00eda.\",\"potentialAction\":[{\"@type\":\"SearchAction\",\"target\":{\"@type\":\"EntryPoint\",\"urlTemplate\":\"https:\\\/\\\/energiaindustriacomercio.com\\\/en\\\/?s={search_term_string}\"},\"query-input\":{\"@type\":\"PropertyValueSpecification\",\"valueRequired\":true,\"valueName\":\"search_term_string\"}}],\"inLanguage\":\"en-US\"}]}<\/script>\n<!-- \/ Yoast SEO plugin. -->","yoast_head_json":{"title":"Anunciese - Energ\u00eda, Industria, Comercio y Miner\u00eda","robots":{"index":"index","follow":"follow","max-snippet":"max-snippet:-1","max-image-preview":"max-image-preview:large","max-video-preview":"max-video-preview:-1"},"canonical":"https:\/\/energiaindustriacomercio.com\/en\/anunciese\/","og_locale":"en_US","og_type":"article","og_title":"Anunciese - Energ\u00eda, Industria, Comercio y Miner\u00eda","og_description":"\u00bfLe gustar\u00eda anunciarse con nosotros? Puede dar a conocer su marca, servicios o producto a una audiencia de interesadas en temas relacionados a los sectores de la Energ\u00eda, la Industria, el Comercio y la Miner\u00eda, entre ejecutivos, empresarios, industriales, comerciantes e inversionistas, funcionarios y profesionales. \u201cENERG\u00cdA, INDUSTRIA, COMERCIO &amp; MINER\u00cdA Multimedios\u201d comprende principalmente, Revista Digital, [&hellip;]","og_url":"https:\/\/energiaindustriacomercio.com\/en\/anunciese\/","og_site_name":"Energ\u00eda, Industria, Comercio y Miner\u00eda","article_modified_time":"2021-02-23T16:32:51+00:00","og_image":[{"width":1024,"height":318,"url":"https:\/\/energiaindustriacomercio.com\/wp-content\/uploads\/sites\/78\/2021\/01\/energia.jpg","type":"image\/jpeg"}],"twitter_card":"summary_large_image","twitter_misc":{"Est. reading time":"1 minute"},"schema":{"@context":"https:\/\/schema.org","@graph":[{"@type":"WebPage","@id":"https:\/\/energiaindustriacomercio.com\/en\/anunciese\/","url":"https:\/\/energiaindustriacomercio.com\/en\/anunciese\/","name":"Anunciese - Energ\u00eda, Industria, Comercio y Miner\u00eda","isPartOf":{"@id":"https:\/\/energiaindustriacomercio.com\/en\/#website"},"primaryImageOfPage":{"@id":"https:\/\/energiaindustriacomercio.com\/en\/anunciese\/#primaryimage"},"image":{"@id":"https:\/\/energiaindustriacomercio.com\/anunciese\/#primaryimage"},"thumbnailUrl":"http:\/\/energiaindustriacomercio.hdnweb.com\/wp-content\/uploads\/sites\/78\/2021\/01\/energia.jpg","datePublished":"2017-10-25T17:41:00+00:00","dateModified":"2021-02-23T16:32:51+00:00","breadcrumb":{"@id":"https:\/\/energiaindustriacomercio.com\/en\/anunciese\/#breadcrumb"},"inLanguage":"en-US","potentialAction":[{"@type":"ReadAction","target":[["https:\/\/energiaindustriacomercio.com\/en\/anunciese\/"]]}]},{"@type":"ImageObject","inLanguage":"en-US","@id":"https:\/\/energiaindustriacomercio.com\/en\/anunciese\/#primaryimage","url":"http:\/\/energiaindustriacomercio.hdnweb.com\/wp-content\/uploads\/sites\/78\/2021\/01\/energia.jpg","contentUrl":"http:\/\/energiaindustriacomercio.hdnweb.com\/wp-content\/uploads\/sites\/78\/2021\/01\/energia.jpg"},{"@type":"BreadcrumbList","@id":"https:\/\/energiaindustriacomercio.com\/en\/anunciese\/#breadcrumb","itemListElement":[{"@type":"ListItem","position":1,"name":"Portada","item":"https:\/\/energiaindustriacomercio.com\/en\/"},{"@type":"ListItem","position":2,"name":"Anunciese"}]},{"@type":"WebSite","@id":"https:\/\/energiaindustriacomercio.com\/en\/#website","url":"https:\/\/energiaindustriacomercio.com\/en\/","name":"Energ\u00eda, Industria, Comercio y Miner\u00eda","description":"Con la mejor y actualizada Informaci\u00f3n, directo medio especializado en los sectores Energ\u00e9tico, Industriales, Comercio y Miner\u00eda.","potentialAction":[{"@type":"SearchAction","target":{"@type":"EntryPoint","urlTemplate":"https:\/\/energiaindustriacomercio.com\/en\/?s={search_term_string}"},"query-input":{"@type":"PropertyValueSpecification","valueRequired":true,"valueName":"search_term_string"}}],"inLanguage":"en-US"}]}},"_links":{"self":[{"href":"https:\/\/energiaindustriacomercio.com\/en\/wp-json\/wp\/v2\/pages\/19","targetHints":{"allow":["GET"]}}],"collection":[{"href":"https:\/\/energiaindustriacomercio.com\/en\/wp-json\/wp\/v2\/pages"}],"about":[{"href":"https:\/\/energiaindustriacomercio.com\/en\/wp-json\/wp\/v2\/types\/page"}],"author":[{"embeddable":true,"href":"https:\/\/energiaindustriacomercio.com\/en\/wp-json\/wp\/v2\/users\/1"}],"replies":[{"embeddable":true,"href":"https:\/\/energiaindustriacomercio.com\/en\/wp-json\/wp\/v2\/comments?post=19"}],"version-history":[{"count":5,"href":"https:\/\/energiaindustriacomercio.com\/en\/wp-json\/wp\/v2\/pages\/19\/revisions"}],"predecessor-version":[{"id":1451,"href":"https:\/\/energiaindustriacomercio.com\/en\/wp-json\/wp\/v2\/pages\/19\/revisions\/1451"}],"wp:attachment":[{"href":"https:\/\/energiaindustriacomercio.com\/en\/wp-json\/wp\/v2\/media?parent=19"}],"curies":[{"name":"wp","href":"https:\/\/api.w.org\/{rel}","templated":true}]}}