{"id":17,"date":"2017-10-25T17:40:04","date_gmt":"2017-10-25T17:40:04","guid":{"rendered":"http:\/\/energiaindustriacomercio.wordpress2.hdnweb.com\/?page_id=17"},"modified":"2021-02-23T16:32:14","modified_gmt":"2021-02-23T16:32:14","slug":"acerca-de-nosotros","status":"publish","type":"page","link":"https:\/\/energiaindustriacomercio.com\/en\/acerca-de-nosotros\/","title":{"rendered":"Acerca de Nosotros"},"content":{"rendered":"<p><img loading=\"lazy\" decoding=\"async\" class=\"aligncenter wp-image-1134 size-full\" src=\"http:\/\/energiaindustriacomercio.hdnweb.com\/wp-content\/uploads\/sites\/78\/2021\/01\/energia.jpg\" alt=\"\" width=\"1024\" height=\"318\" srcset=\"https:\/\/energiaindustriacomercio.com\/wp-content\/uploads\/sites\/78\/2021\/01\/energia.jpg 1024w, https:\/\/energiaindustriacomercio.com\/wp-content\/uploads\/sites\/78\/2021\/01\/energia-300x93.jpg 300w, https:\/\/energiaindustriacomercio.com\/wp-content\/uploads\/sites\/78\/2021\/01\/energia-768x239.jpg 768w\" sizes=\"auto, (max-width: 1024px) 100vw, 1024px\" \/><\/p>\n<p>Sobre <strong>\u201cENERG\u00cdA, INDUSTRIA, COMERCIO &amp; MINER\u00cdA\u201d<\/strong><\/p>\n<p>Multimedio de comunicaci\u00f3n digital especializado, el cual es editado y publicado por <strong>The Ballester Business Group, Inc.<\/strong>, empresa radicada en el estado de La Florida, EUA. Su Representante Exclusivo en la Republica Dominicana, es <strong>PARMIM Inversiones, SRL<\/strong>. Tambi\u00e9n cuenta con representaci\u00f3n en importantes ciudades del mundo.<\/p>\n<p>Su Consejo de Directores y propietarios, han delegado la responsabilidad de su conducci\u00f3n, en calidad de Asesor y Director General, al licenciado Pedro J. Diaz Ballester, con m\u00e1s 40 a\u00f1os de experiencia en el \u00e1mbito de las comunicaciones especializadas, ampliamente relacionado a los sectores de la Energ\u00eda, Industria, Comercio y Miner\u00eda.<\/p>\n<p>Nuestro multimedio resulta de alto inter\u00e9s y atractivo, adem\u00e1s de los principales actores y figuras de los sectores Energ\u00eda, Industria, Comercio, Miner\u00eda, Eventos y Actividades entre Ejecutivos, Empresarios, Industriales, Comerciantes e Inversionistas, funcionarios y Profesionales,<\/p>\n<p>&nbsp; <\/p>\n","protected":false},"excerpt":{"rendered":"<p>Sobre \u201cENERG\u00cdA, INDUSTRIA, COMERCIO &amp; MINER\u00cdA\u201d Multimedio de comunicaci\u00f3n digital especializado, el cual es editado y publicado por The Ballester Business Group, Inc., empresa radicada en el estado de La Florida, EUA. Su Representante Exclusivo en la Republica Dominicana, es PARMIM Inversiones, SRL. Tambi\u00e9n cuenta con representaci\u00f3n en importantes ciudades del mundo. Su Consejo de [&hellip;]<\/p>\n","protected":false},"author":1,"featured_media":0,"parent":0,"menu_order":0,"comment_status":"closed","ping_status":"closed","template":"","meta":{"_acf_changed":false,"_monsterinsights_skip_tracking":false,"_monsterinsights_sitenote_active":false,"_monsterinsights_sitenote_note":"","_monsterinsights_sitenote_category":0,"footnotes":""},"class_list":["post-17","page","type-page","status-publish","hentry"],"acf":[],"yoast_head":"<!-- This site is optimized with the Yoast SEO plugin v27.5 - https:\/\/yoast.com\/product\/yoast-seo-wordpress\/ -->\n<title>Acerca de Nosotros - Energ\u00eda, Industria, Comercio y Miner\u00eda<\/title>\n<meta name=\"robots\" content=\"index, follow, max-snippet:-1, max-image-preview:large, max-video-preview:-1\" \/>\n<link rel=\"canonical\" href=\"https:\/\/energiaindustriacomercio.com\/en\/acerca-de-nosotros\/\" \/>\n<meta property=\"og:locale\" content=\"en_US\" \/>\n<meta property=\"og:type\" content=\"article\" \/>\n<meta property=\"og:title\" content=\"Acerca de Nosotros - Energ\u00eda, Industria, Comercio y Miner\u00eda\" \/>\n<meta property=\"og:description\" content=\"Sobre \u201cENERG\u00cdA, INDUSTRIA, COMERCIO &amp; MINER\u00cdA\u201d Multimedio de comunicaci\u00f3n digital especializado, el cual es editado y publicado por The Ballester Business Group, Inc., empresa radicada en el estado de La Florida, EUA. Su Representante Exclusivo en la Republica Dominicana, es PARMIM Inversiones, SRL. Tambi\u00e9n cuenta con representaci\u00f3n en importantes ciudades del mundo. Su Consejo de [&hellip;]\" \/>\n<meta property=\"og:url\" content=\"https:\/\/energiaindustriacomercio.com\/en\/acerca-de-nosotros\/\" \/>\n<meta property=\"og:site_name\" content=\"Energ\u00eda, Industria, Comercio y Miner\u00eda\" \/>\n<meta property=\"article:modified_time\" content=\"2021-02-23T16:32:14+00:00\" \/>\n<meta property=\"og:image\" content=\"https:\/\/energiaindustriacomercio.com\/wp-content\/uploads\/sites\/78\/2021\/01\/energia.jpg\" \/>\n\t<meta property=\"og:image:width\" content=\"1024\" \/>\n\t<meta property=\"og:image:height\" content=\"318\" \/>\n\t<meta property=\"og:image:type\" content=\"image\/jpeg\" \/>\n<meta name=\"twitter:card\" content=\"summary_large_image\" \/>\n<meta name=\"twitter:label1\" content=\"Est. reading time\" \/>\n\t<meta name=\"twitter:data1\" content=\"1 minute\" \/>\n<script type=\"application\/ld+json\" class=\"yoast-schema-graph\">{\"@context\":\"https:\\\/\\\/schema.org\",\"@graph\":[{\"@type\":\"WebPage\",\"@id\":\"https:\\\/\\\/energiaindustriacomercio.com\\\/en\\\/acerca-de-nosotros\\\/\",\"url\":\"https:\\\/\\\/energiaindustriacomercio.com\\\/en\\\/acerca-de-nosotros\\\/\",\"name\":\"Acerca de Nosotros - Energ\u00eda, Industria, Comercio y Miner\u00eda\",\"isPartOf\":{\"@id\":\"https:\\\/\\\/energiaindustriacomercio.com\\\/en\\\/#website\"},\"primaryImageOfPage\":{\"@id\":\"https:\\\/\\\/energiaindustriacomercio.com\\\/en\\\/acerca-de-nosotros\\\/#primaryimage\"},\"image\":{\"@id\":\"https:\\\/\\\/energiaindustriacomercio.com\\\/acerca-de-nosotros\\\/#primaryimage\"},\"thumbnailUrl\":\"http:\\\/\\\/energiaindustriacomercio.hdnweb.com\\\/wp-content\\\/uploads\\\/sites\\\/78\\\/2021\\\/01\\\/energia.jpg\",\"datePublished\":\"2017-10-25T17:40:04+00:00\",\"dateModified\":\"2021-02-23T16:32:14+00:00\",\"breadcrumb\":{\"@id\":\"https:\\\/\\\/energiaindustriacomercio.com\\\/en\\\/acerca-de-nosotros\\\/#breadcrumb\"},\"inLanguage\":\"en-US\",\"potentialAction\":[{\"@type\":\"ReadAction\",\"target\":[[\"https:\\\/\\\/energiaindustriacomercio.com\\\/en\\\/acerca-de-nosotros\\\/\"]]}]},{\"@type\":\"ImageObject\",\"inLanguage\":\"en-US\",\"@id\":\"https:\\\/\\\/energiaindustriacomercio.com\\\/en\\\/acerca-de-nosotros\\\/#primaryimage\",\"url\":\"http:\\\/\\\/energiaindustriacomercio.hdnweb.com\\\/wp-content\\\/uploads\\\/sites\\\/78\\\/2021\\\/01\\\/energia.jpg\",\"contentUrl\":\"http:\\\/\\\/energiaindustriacomercio.hdnweb.com\\\/wp-content\\\/uploads\\\/sites\\\/78\\\/2021\\\/01\\\/energia.jpg\"},{\"@type\":\"BreadcrumbList\",\"@id\":\"https:\\\/\\\/energiaindustriacomercio.com\\\/en\\\/acerca-de-nosotros\\\/#breadcrumb\",\"itemListElement\":[{\"@type\":\"ListItem\",\"position\":1,\"name\":\"Portada\",\"item\":\"https:\\\/\\\/energiaindustriacomercio.com\\\/en\\\/\"},{\"@type\":\"ListItem\",\"position\":2,\"name\":\"Acerca de Nosotros\"}]},{\"@type\":\"WebSite\",\"@id\":\"https:\\\/\\\/energiaindustriacomercio.com\\\/en\\\/#website\",\"url\":\"https:\\\/\\\/energiaindustriacomercio.com\\\/en\\\/\",\"name\":\"Energ\u00eda, Industria, Comercio y Miner\u00eda\",\"description\":\"Con la mejor y actualizada Informaci\u00f3n, directo medio especializado en los sectores Energ\u00e9tico, Industriales, Comercio y Miner\u00eda.\",\"potentialAction\":[{\"@type\":\"SearchAction\",\"target\":{\"@type\":\"EntryPoint\",\"urlTemplate\":\"https:\\\/\\\/energiaindustriacomercio.com\\\/en\\\/?s={search_term_string}\"},\"query-input\":{\"@type\":\"PropertyValueSpecification\",\"valueRequired\":true,\"valueName\":\"search_term_string\"}}],\"inLanguage\":\"en-US\"}]}<\/script>\n<!-- \/ Yoast SEO plugin. -->","yoast_head_json":{"title":"Acerca de Nosotros - Energ\u00eda, Industria, Comercio y Miner\u00eda","robots":{"index":"index","follow":"follow","max-snippet":"max-snippet:-1","max-image-preview":"max-image-preview:large","max-video-preview":"max-video-preview:-1"},"canonical":"https:\/\/energiaindustriacomercio.com\/en\/acerca-de-nosotros\/","og_locale":"en_US","og_type":"article","og_title":"Acerca de Nosotros - Energ\u00eda, Industria, Comercio y Miner\u00eda","og_description":"Sobre \u201cENERG\u00cdA, INDUSTRIA, COMERCIO &amp; MINER\u00cdA\u201d Multimedio de comunicaci\u00f3n digital especializado, el cual es editado y publicado por The Ballester Business Group, Inc., empresa radicada en el estado de La Florida, EUA. Su Representante Exclusivo en la Republica Dominicana, es PARMIM Inversiones, SRL. Tambi\u00e9n cuenta con representaci\u00f3n en importantes ciudades del mundo. Su Consejo de [&hellip;]","og_url":"https:\/\/energiaindustriacomercio.com\/en\/acerca-de-nosotros\/","og_site_name":"Energ\u00eda, Industria, Comercio y Miner\u00eda","article_modified_time":"2021-02-23T16:32:14+00:00","og_image":[{"width":1024,"height":318,"url":"https:\/\/energiaindustriacomercio.com\/wp-content\/uploads\/sites\/78\/2021\/01\/energia.jpg","type":"image\/jpeg"}],"twitter_card":"summary_large_image","twitter_misc":{"Est. reading time":"1 minute"},"schema":{"@context":"https:\/\/schema.org","@graph":[{"@type":"WebPage","@id":"https:\/\/energiaindustriacomercio.com\/en\/acerca-de-nosotros\/","url":"https:\/\/energiaindustriacomercio.com\/en\/acerca-de-nosotros\/","name":"Acerca de Nosotros - Energ\u00eda, Industria, Comercio y Miner\u00eda","isPartOf":{"@id":"https:\/\/energiaindustriacomercio.com\/en\/#website"},"primaryImageOfPage":{"@id":"https:\/\/energiaindustriacomercio.com\/en\/acerca-de-nosotros\/#primaryimage"},"image":{"@id":"https:\/\/energiaindustriacomercio.com\/acerca-de-nosotros\/#primaryimage"},"thumbnailUrl":"http:\/\/energiaindustriacomercio.hdnweb.com\/wp-content\/uploads\/sites\/78\/2021\/01\/energia.jpg","datePublished":"2017-10-25T17:40:04+00:00","dateModified":"2021-02-23T16:32:14+00:00","breadcrumb":{"@id":"https:\/\/energiaindustriacomercio.com\/en\/acerca-de-nosotros\/#breadcrumb"},"inLanguage":"en-US","potentialAction":[{"@type":"ReadAction","target":[["https:\/\/energiaindustriacomercio.com\/en\/acerca-de-nosotros\/"]]}]},{"@type":"ImageObject","inLanguage":"en-US","@id":"https:\/\/energiaindustriacomercio.com\/en\/acerca-de-nosotros\/#primaryimage","url":"http:\/\/energiaindustriacomercio.hdnweb.com\/wp-content\/uploads\/sites\/78\/2021\/01\/energia.jpg","contentUrl":"http:\/\/energiaindustriacomercio.hdnweb.com\/wp-content\/uploads\/sites\/78\/2021\/01\/energia.jpg"},{"@type":"BreadcrumbList","@id":"https:\/\/energiaindustriacomercio.com\/en\/acerca-de-nosotros\/#breadcrumb","itemListElement":[{"@type":"ListItem","position":1,"name":"Portada","item":"https:\/\/energiaindustriacomercio.com\/en\/"},{"@type":"ListItem","position":2,"name":"Acerca de Nosotros"}]},{"@type":"WebSite","@id":"https:\/\/energiaindustriacomercio.com\/en\/#website","url":"https:\/\/energiaindustriacomercio.com\/en\/","name":"Energ\u00eda, Industria, Comercio y Miner\u00eda","description":"Con la mejor y actualizada Informaci\u00f3n, directo medio especializado en los sectores Energ\u00e9tico, Industriales, Comercio y Miner\u00eda.","potentialAction":[{"@type":"SearchAction","target":{"@type":"EntryPoint","urlTemplate":"https:\/\/energiaindustriacomercio.com\/en\/?s={search_term_string}"},"query-input":{"@type":"PropertyValueSpecification","valueRequired":true,"valueName":"search_term_string"}}],"inLanguage":"en-US"}]}},"_links":{"self":[{"href":"https:\/\/energiaindustriacomercio.com\/en\/wp-json\/wp\/v2\/pages\/17","targetHints":{"allow":["GET"]}}],"collection":[{"href":"https:\/\/energiaindustriacomercio.com\/en\/wp-json\/wp\/v2\/pages"}],"about":[{"href":"https:\/\/energiaindustriacomercio.com\/en\/wp-json\/wp\/v2\/types\/page"}],"author":[{"embeddable":true,"href":"https:\/\/energiaindustriacomercio.com\/en\/wp-json\/wp\/v2\/users\/1"}],"replies":[{"embeddable":true,"href":"https:\/\/energiaindustriacomercio.com\/en\/wp-json\/wp\/v2\/comments?post=17"}],"version-history":[{"count":5,"href":"https:\/\/energiaindustriacomercio.com\/en\/wp-json\/wp\/v2\/pages\/17\/revisions"}],"predecessor-version":[{"id":1450,"href":"https:\/\/energiaindustriacomercio.com\/en\/wp-json\/wp\/v2\/pages\/17\/revisions\/1450"}],"wp:attachment":[{"href":"https:\/\/energiaindustriacomercio.com\/en\/wp-json\/wp\/v2\/media?parent=17"}],"curies":[{"name":"wp","href":"https:\/\/api.w.org\/{rel}","templated":true}]}}